{"id":632,"date":"2021-01-05T21:50:06","date_gmt":"2021-01-06T00:50:06","guid":{"rendered":"https:\/\/casa80trancoso.com.br\/?page_id=632"},"modified":"2026-01-19T12:26:19","modified_gmt":"2026-01-19T15:26:19","slug":"como-chegar","status":"publish","type":"page","link":"https:\/\/casa80trancoso.com.br\/?page_id=632","title":{"rendered":"Como Chegar"},"content":{"rendered":"\n<p>O condom\u00ednio Villavista Golf fica no complexo Terravista, ao lado ao ClubMed Trancoso. Exatamente no meio do caminho entre Arraial d&#8217;Ajuda e Trancoso, a apenas 14km do centro de cada vila.<\/p>\n\n\n\n<p>Para quem vem de outros Estados, a melhor op\u00e7\u00e3o \u00e9 via a\u00e9rea:<\/p>\n\n\n\n<p><strong>Aeroporto Terravista<\/strong> (TRV): este aeroporto privado fica a apenas 2 minutos do condom\u00ednio Villavista Golf, onde fica a Casa 80. Sua infraestrutura acomoda diversos tipos de aeronaves executivas (de monomotores a jatos de grande porte)<\/p>\n\n\n\n<p><strong>Aeroporto de Porto Seguro<\/strong> (BPS): as principais companhias brasileiras t\u00eam v\u00f4os para Porto Seguro saindo das principais capitais. Do aeroporto, s\u00e3o 25 km de estrada (via balsa) ou 70 km (via estrada).<\/p>\n\n\n\n<figure class=\"wp-block-table is-style-stripes\"><table class=\"has-fixed-layout\"><thead><tr><th>Endere\u00e7o<\/th><\/tr><\/thead><tbody><tr><td>Condom\u00ednio Villavista Golf<br> Estrada Municipal Arraial d&#8217;Ajuda Trancoso km 18<br> Trancoso &#8211; Porto Seguro &#8211; BA &#8211; 45810-000<br><strong>A portaria do condom\u00ednio \u00e9 ao lado do Club Med Trancoso<\/strong><\/td><\/tr><\/tbody><\/table><\/figure>\n\n\n\n<p><\/p>\n","protected":false},"excerpt":{"rendered":"<p>O condom\u00ednio Villavista Golf fica no complexo Terravista, ao lado ao ClubMed Trancoso. Exatamente no meio do caminho entre Arraial d&#8217;Ajuda e Trancoso, a apenas 14km do centro de cada vila. Para quem vem de outros Estados, a melhor op\u00e7\u00e3o \u00e9 via a\u00e9rea: Aeroporto Terravista (TRV): este aeroporto privado fica a apenas 2 minutos do &hellip; <\/p>\n<p class=\"link-more\"><a href=\"https:\/\/casa80trancoso.com.br\/?page_id=632\" class=\"more-link\">Continue reading<span class=\"screen-reader-text\"> &#8220;Como Chegar&#8221;<\/span><\/a><\/p>\n","protected":false},"author":1,"featured_media":0,"parent":0,"menu_order":0,"comment_status":"closed","ping_status":"closed","template":"page-template\/page-with-right-sidebar.php","meta":{"footnotes":""},"class_list":["post-632","page","type-page","status-publish","hentry"],"yoast_head":"<!-- This site is optimized with the Yoast SEO plugin v15.4 - https:\/\/yoast.com\/wordpress\/plugins\/seo\/ -->\n<title>Como Chegar - Casa 80 Trancoso<\/title>\n<meta name=\"robots\" content=\"index, follow, max-snippet:-1, max-image-preview:large, max-video-preview:-1\" \/>\n<link rel=\"canonical\" href=\"https:\/\/casa80trancoso.com.br\/?page_id=632\" \/>\n<meta property=\"og:locale\" content=\"en_US\" \/>\n<meta property=\"og:type\" content=\"article\" \/>\n<meta property=\"og:title\" content=\"Como Chegar - Casa 80 Trancoso\" \/>\n<meta property=\"og:description\" content=\"O condom\u00ednio Villavista Golf fica no complexo Terravista, ao lado ao ClubMed Trancoso. Exatamente no meio do caminho entre Arraial d&#8217;Ajuda e Trancoso, a apenas 14km do centro de cada vila. Para quem vem de outros Estados, a melhor op\u00e7\u00e3o \u00e9 via a\u00e9rea: Aeroporto Terravista (TRV): este aeroporto privado fica a apenas 2 minutos do &hellip; Continue reading &quot;Como Chegar&quot;\" \/>\n<meta property=\"og:url\" content=\"https:\/\/casa80trancoso.com.br\/?page_id=632\" \/>\n<meta property=\"og:site_name\" content=\"Casa 80 Trancoso\" \/>\n<meta property=\"article:modified_time\" content=\"2026-01-19T15:26:19+00:00\" \/>\n<meta name=\"twitter:card\" content=\"summary_large_image\" \/>\n<meta name=\"twitter:label1\" content=\"Written by\">\n\t<meta name=\"twitter:data1\" content=\"admin\">\n\t<meta name=\"twitter:label2\" content=\"Est. reading time\">\n\t<meta name=\"twitter:data2\" content=\"1 minute\">\n<script type=\"application\/ld+json\" class=\"yoast-schema-graph\">{\"@context\":\"https:\/\/schema.org\",\"@graph\":[{\"@type\":\"WebSite\",\"@id\":\"https:\/\/casa80trancoso.com.br\/#website\",\"url\":\"https:\/\/casa80trancoso.com.br\/\",\"name\":\"Casa 80 Trancoso\",\"description\":\"\",\"potentialAction\":[{\"@type\":\"SearchAction\",\"target\":\"https:\/\/casa80trancoso.com.br\/?s={search_term_string}\",\"query-input\":\"required name=search_term_string\"}],\"inLanguage\":\"en-US\"},{\"@type\":\"WebPage\",\"@id\":\"https:\/\/casa80trancoso.com.br\/?page_id=632#webpage\",\"url\":\"https:\/\/casa80trancoso.com.br\/?page_id=632\",\"name\":\"Como Chegar - Casa 80 Trancoso\",\"isPartOf\":{\"@id\":\"https:\/\/casa80trancoso.com.br\/#website\"},\"datePublished\":\"2021-01-06T00:50:06+00:00\",\"dateModified\":\"2026-01-19T15:26:19+00:00\",\"inLanguage\":\"en-US\",\"potentialAction\":[{\"@type\":\"ReadAction\",\"target\":[\"https:\/\/casa80trancoso.com.br\/?page_id=632\"]}]}]}<\/script>\n<!-- \/ Yoast SEO plugin. -->","_links":{"self":[{"href":"https:\/\/casa80trancoso.com.br\/index.php?rest_route=\/wp\/v2\/pages\/632","targetHints":{"allow":["GET"]}}],"collection":[{"href":"https:\/\/casa80trancoso.com.br\/index.php?rest_route=\/wp\/v2\/pages"}],"about":[{"href":"https:\/\/casa80trancoso.com.br\/index.php?rest_route=\/wp\/v2\/types\/page"}],"author":[{"embeddable":true,"href":"https:\/\/casa80trancoso.com.br\/index.php?rest_route=\/wp\/v2\/users\/1"}],"replies":[{"embeddable":true,"href":"https:\/\/casa80trancoso.com.br\/index.php?rest_route=%2Fwp%2Fv2%2Fcomments&post=632"}],"version-history":[{"count":9,"href":"https:\/\/casa80trancoso.com.br\/index.php?rest_route=\/wp\/v2\/pages\/632\/revisions"}],"predecessor-version":[{"id":901,"href":"https:\/\/casa80trancoso.com.br\/index.php?rest_route=\/wp\/v2\/pages\/632\/revisions\/901"}],"wp:attachment":[{"href":"https:\/\/casa80trancoso.com.br\/index.php?rest_route=%2Fwp%2Fv2%2Fmedia&parent=632"}],"curies":[{"name":"wp","href":"https:\/\/api.w.org\/{rel}","templated":true}]}}